{"id":142,"date":"2021-04-19T18:50:58","date_gmt":"2021-04-19T15:50:58","guid":{"rendered":"http:\/\/deutschland-doxycycline.com\/?page_id=142"},"modified":"2021-05-15T14:11:07","modified_gmt":"2021-05-15T11:11:07","slug":"doxycyclin-al-200-t-kaufen","status":"publish","type":"page","link":"http:\/\/deutschland-doxycycline.com\/doxycyclin-al-200-t-kaufen\/","title":{"rendered":"doxycyclin al 200 t kaufen"},"content":{"rendered":"\n<div class=\"wp-block-image\"><figure class=\"aligncenter size-large\"><a href=\"http:\/\/drugs-365.com\/search?q=Doxycycline&amp;id=1897\"><img loading=\"lazy\" width=\"512\" height=\"166\" src=\"http:\/\/deutschland-doxycycline.com\/wp-content\/uploads\/2021\/04\/unnamed-17.jpg\" alt=\"doxycyclin al 200 t kaufen\" class=\"wp-image-35\" srcset=\"http:\/\/deutschland-doxycycline.com\/wp-content\/uploads\/2021\/04\/unnamed-17.jpg 512w, http:\/\/deutschland-doxycycline.com\/wp-content\/uploads\/2021\/04\/unnamed-17-300x97.jpg 300w\" sizes=\"(max-width: 512px) 100vw, 512px\" \/><\/a><figcaption><strong>doxycyclin ohne rezept kaufen<\/strong><\/figcaption><\/figure><\/div>\n\n\n\n<h3>Das Medikament geh\u00f6rt zur Untergruppe der halbsynthetischen Antibiotika \u2014 Tetracycline.\u00a0<strong>doxycyclin al 200 t kaufen<\/strong><br>Doxycyclin hat ein bakteriostatisches Wirkungsspektrum. Die Wirkstoffe des Arzneimittels unterdr\u00fccken die Proteinproduktion in Bakterien und beeintr\u00e4chtigen deren lebenswichtige Aktivit\u00e4t.<br>Merkmale der Zusammensetzung von Doxycyclin!<br>Die Anweisungen geben an, dass die Kapseln des Arzneimittels die folgenden Inhaltsstoffe enthalten:<br>Doxycyclin;<br>Milch Zucker;<br>Magnesiumsalz der Stearins\u00e4ure;<br>St\u00e4rke.<br>Zylinderf\u00f6rmige Kapseln sind mit einer gelblichen Pulvermasse mit wei\u00dflichen Flecken gef\u00fcllt.<br>Jede Packung enth\u00e4lt 2 Kontureinheiten, die 5 Arzneimittel enthalten.<br>Ampullen mit einer L\u00f6sung von 100 mg werden in Kartons mit 5 oder 10 St\u00fcck verpackt.<br>Indikationen f\u00fcr Doxycyclin und Kontraindikationen!<br>Die Zusammenfassung empfiehlt die Ernennung eines Medikaments f\u00fcr bestimmte Infektionen:<br>mit Bronchitis (mit akutem oder wiederkehrendem Verlauf), Tracheitis, Pharyngitis;<br>Abszesse der Lunge, Lungenentz\u00fcndung, Halsschmerzen, Entz\u00fcndung des Mittelohrs, Gallenwege;<br>Ruhr mit bakterieller \u00c4tiologie;<br>Cholezystitis, Gastroenterokolitis;<br>Panaritium, Abszess, Phlegmon, Furunkulose;<br>Pyelonephritis, Ureaplasma, Urethritis;<br>Prostatitis, Endometritis, Gonorrhoe;<br>akute Darminfektionen;<br>Legionellose, Lyme-Borreliose.\u00a0<strong>doxycyclin al 200 t kaufen<\/strong><br>In der Kombinationstherapie wird Doxycyclin zur Behandlung von Keuchhusten, Leptospirose, Trachom, Sepsis, Peritonitis und anderen pathologischen Prozessen angewendet.<br>Das Medikament kann zur Vorbeugung eitriger Komplikationen nach einer Operation oder einer medizinischen Abtreibung verschrieben werden.<br>Doxycyclin ist f\u00fcr Patienten kontraindiziert:<br>mit Unvertr\u00e4glichkeit gegen\u00fcber der Zusammensetzung der Komponenten;<br>schweres Leberversagen;<br>Porphyrie.<br>Das Arzneimittel ist f\u00fcr Kinder unter 8 Jahren, schwangere und stillende Frauen verboten.<br>Nebenwirkungen!<br>Aufgezeichnete nicht standardm\u00e4\u00dfige Reaktionen auf therapeutische Verfahren werden in den Anweisungen erw\u00e4hnt. Doxycyclin kann provozieren:<br>erh\u00f6hter Hirndruck mit Anf\u00e4llen von Schwindel, Erbrechen, Kopfschmerzen, Appetitlosigkeit, Schwellungen der Sehnerven;<br>fremder Tinnitus, Anorexie vor dem Hintergrund einer metabolischen Dysfunktion;<br>verminderte Sehsch\u00e4rfe, Diplopie, Skotom;<br>dermatologischer Ausschlag, obsessiver Juckreiz, R\u00f6tung;<br>Urtikaria, Angio\u00f6dem, Anaphylaxie;<br>dyspeptische St\u00f6rungen, Gastroduodenitis, Glossitis, Enterokolitis;<br>Senkung des Blutdrucks, Perikarditis, beschleunigter Herzschlag, Erythema multiforme;<br>Leberfunktionsst\u00f6rung, Muskel-, Gelenkschmerzen;<br>Hepatitis der Autoimmun-\u00c4tiologie, Candidiasis;<br>Dysbakteriose, Entz\u00fcndung des anogenitalen Bereichs, Ver\u00e4nderung des Zahnschmelzschattens.\u00a0<strong>doxycyclin al 200 t kaufen<\/strong><br>Das Mittel verursacht toxische epidermale Nekrolyse, Lichtempfindlichkeit.<br>\u00dcberdosis!<br>Die versehentliche Anwendung gro\u00dfer Mengen des Arzneimittels kann Durchfall, Erbrechen oder \u00dcbelkeit verursachen.<br>In schwierigen F\u00e4llen tritt bei Patienten ein vor\u00fcbergehender H\u00f6rverlust auf. Wird eine \u00dcberdosierung festgestellt, wird dem Patienten eine symptomatische Therapie verschrieben.<br>Nach Abschluss des Kampfes gegen Vergiftungen sollte er die Konsultation des behandelnden Arztes aufsuchen und ein neues Therapieschema erhalten.<br>Nuancen der Doxycyclin-Therapie!<br>Die Kapseln werden nach den Mahlzeiten mit ausreichend Wasser eingenommen.<br>Dieser Ansatz verringert die Wahrscheinlichkeit einer Reizung im Magen-Darm-Trakt.<br>Die t\u00e4gliche Dosierung von Doxycyclin ist in zwei Verfahren unterteilt, wobei ein Intervall von zw\u00f6lf Stunden eingehalten wird.<br>Pathologien werden nach einem einzigen Schema behandelt:<br>der erste Tag \u2014 0,2 g des Arzneimittels;<br>nachfolgende Tage \u2014 von 0,1 bis 0,2 g;<br>mit einer komplexen Form \u2014 0,2 g t\u00e4glich.<br>Therapeutische Verfahren h\u00e4ngen von der Art der Krankheit ab:<br>Durch Chlamydien, Mycoplasma oder Ureaplasma hervorgerufene Krankheiten erfordern ein Standardtherapieschema. Das Medikament wird f\u00fcr einen Zeitraum von 10-14 Tagen verschrieben.\u00a0<strong>doxycyclin al 200 t kaufen<\/strong><br>Akute Entz\u00fcndungen im kleinen Becken erfordern die Einnahme von 0,1 g Doxycyclin in den Morgen- und Abendstunden. F\u00fcr M\u00e4nner wird das Medikament 0,3 g einmal oder 0,1 g verschrieben \u2014 morgens und abends.<br>Kinder \u00fcber 8 Jahre erhalten in den ersten 24 Stunden 4 mg pro Kilogramm Gewicht, dann wird die Dosis auf 2 mg \/ kg pro Tag reduziert.<br>Um Komplikationen einer Infektion w\u00e4hrend eines medizinischen Abbruchs zu vermeiden, werden dem Patienten 60 Minuten vor der Manipulation 0,1 g Medikamente und eine halbe Stunde nach Beendigung 0,2 g Medikamente verschrieben.<br>Prim\u00e4re sekund\u00e4re Syphilis \u2014 0,3 g pro Tag f\u00fcr 10 Tage. Mit Gonorrhoe \u2014 100 mg morgens und abends bis zu 4 Tage hintereinander.<br>Gonorrheale Urethritis \u2014 mit einem stabilen Erreger, 0,2 g f\u00fcr 4-5 Tage. Eine milde Form der Pathologie wird mit einer Einzeldosis von 0,3 g unterdr\u00fcckt.<br>Akne \u2014 0,05 g t\u00e4glich. Die Behandlung dauert 1,5 bis 4 Monate nach einem vom behandelnden Arzt verordneten individuellen Schema.<br>Zeckenstich \u2014 Dosierungen werden von einem Spezialisten verschrieben. Um eine Infektion zu verhindern, sollte das Medikament sp\u00e4testens drei Tage nach dem Insektenbefall angewendet werden.<br>Borreliose \u2014 0,2 g pro Tag, Therapie endet in 5 Tagen.<br>Alle 12 Stunden wird eine intraven\u00f6se L\u00f6sung injiziert, der Therapie werden Cephalosporine (3. Generation) zugesetzt.<br>Die Manipulation dauert bis zu 2 Stunden, bevor sie beginnt. 10 ml Wasser f\u00fcr Injektionen werden zu 0,1 g Doxycyclin gegeben.<br>Das hergestellte Produkt wird in 1 Liter Kochsalzl\u00f6sung verd\u00fcnnt. <a target=\"_blank\" href=\"http:\/\/deutschland-doxycycline.com\/doxycyclin-al-200-t-kaufen-ohne-rezept\/\" rel=\"noreferrer noopener\">http:\/\/deutschland-doxycycline.com\/doxycyclin-al-200-t-kaufen-ohne-rezept\/<\/a><\/h3>\n","protected":false},"excerpt":{"rendered":"<p>Das Medikament geh\u00f6rt zur Untergruppe der halbsynthetischen Antibiotika \u2014 Tetracycline.\u00a0doxycyclin al 200 t kaufenDoxycyclin hat ein bakteriostatisches Wirkungsspektrum. Die Wirkstoffe des Arzneimittels unterdr\u00fccken die Proteinproduktion in Bakterien und beeintr\u00e4chtigen deren lebenswichtige Aktivit\u00e4t.Merkmale der Zusammensetzung von Doxycyclin!Die Anweisungen geben an, dass die Kapseln des Arzneimittels die folgenden Inhaltsstoffe enthalten:Doxycyclin;Milch Zucker;Magnesiumsalz der Stearins\u00e4ure;St\u00e4rke.Zylinderf\u00f6rmige Kapseln sind mit einer [&hellip;]<\/p>\n","protected":false},"author":1,"featured_media":0,"parent":0,"menu_order":0,"comment_status":"closed","ping_status":"closed","template":"","meta":[],"yoast_head":"<!-- This site is optimized with the Yoast SEO Premium plugin v14.8 - https:\/\/yoast.com\/wordpress\/plugins\/seo\/ -->\n<title>doxycyclin al 200 t kaufen - doxycyclin<\/title>\n<meta name=\"description\" content=\"doxycyclin al 200 t kaufen Die beste Online-Apotheke, niedrige Preise, schnelle und kostenlose Lieferung nach Deutschland, Rabattboni.\" \/>\n<meta name=\"robots\" content=\"index, follow\" \/>\n<meta name=\"googlebot\" content=\"index, follow, max-snippet:-1, max-image-preview:large, max-video-preview:-1\" \/>\n<meta name=\"bingbot\" content=\"index, follow, max-snippet:-1, max-image-preview:large, max-video-preview:-1\" \/>\n<link rel=\"canonical\" href=\"http:\/\/deutschland-doxycycline.com\/doxycyclin-al-200-t-kaufen\/\" \/>\n<meta property=\"og:locale\" content=\"ru_RU\" \/>\n<meta property=\"og:type\" content=\"article\" \/>\n<meta property=\"og:title\" content=\"doxycyclin al 200 t kaufen - doxycyclin\" \/>\n<meta property=\"og:description\" content=\"doxycyclin al 200 t kaufen Die beste Online-Apotheke, niedrige Preise, schnelle und kostenlose Lieferung nach Deutschland, Rabattboni.\" \/>\n<meta property=\"og:url\" content=\"http:\/\/deutschland-doxycycline.com\/doxycyclin-al-200-t-kaufen\/\" \/>\n<meta property=\"og:site_name\" content=\"doxycyclin\" \/>\n<meta property=\"article:modified_time\" content=\"2021-05-15T11:11:07+00:00\" \/>\n<meta property=\"og:image\" content=\"http:\/\/deutschland-doxycycline.com\/wp-content\/uploads\/2021\/04\/unnamed-17.jpg\" \/>\n<meta name=\"twitter:card\" content=\"summary_large_image\" \/>\n<script type=\"application\/ld+json\" class=\"yoast-schema-graph\">{\"@context\":\"https:\/\/schema.org\",\"@graph\":[{\"@type\":\"WebSite\",\"@id\":\"http:\/\/deutschland-doxycycline.com\/#website\",\"url\":\"http:\/\/deutschland-doxycycline.com\/\",\"name\":\"doxycyclin\",\"description\":\"doxycyclin ohne rezept kaufen\",\"potentialAction\":[{\"@type\":\"SearchAction\",\"target\":\"http:\/\/deutschland-doxycycline.com\/?s={search_term_string}\",\"query-input\":\"required name=search_term_string\"}],\"inLanguage\":\"ru-RU\"},{\"@type\":\"ImageObject\",\"@id\":\"http:\/\/deutschland-doxycycline.com\/doxycyclin-al-200-t-kaufen\/#primaryimage\",\"inLanguage\":\"ru-RU\",\"url\":\"http:\/\/deutschland-doxycycline.com\/wp-content\/uploads\/2021\/04\/unnamed-17.jpg\",\"width\":512,\"height\":166,\"caption\":\"doxycycline online kaufen medikament\"},{\"@type\":\"WebPage\",\"@id\":\"http:\/\/deutschland-doxycycline.com\/doxycyclin-al-200-t-kaufen\/#webpage\",\"url\":\"http:\/\/deutschland-doxycycline.com\/doxycyclin-al-200-t-kaufen\/\",\"name\":\"doxycyclin al 200 t kaufen - doxycyclin\",\"isPartOf\":{\"@id\":\"http:\/\/deutschland-doxycycline.com\/#website\"},\"primaryImageOfPage\":{\"@id\":\"http:\/\/deutschland-doxycycline.com\/doxycyclin-al-200-t-kaufen\/#primaryimage\"},\"datePublished\":\"2021-04-19T15:50:58+00:00\",\"dateModified\":\"2021-05-15T11:11:07+00:00\",\"description\":\"doxycyclin al 200 t kaufen Die beste Online-Apotheke, niedrige Preise, schnelle und kostenlose Lieferung nach Deutschland, Rabattboni.\",\"inLanguage\":\"ru-RU\",\"potentialAction\":[{\"@type\":\"ReadAction\",\"target\":[\"http:\/\/deutschland-doxycycline.com\/doxycyclin-al-200-t-kaufen\/\"]}]}]}<\/script>\n<!-- \/ Yoast SEO Premium plugin. -->","_links":{"self":[{"href":"http:\/\/deutschland-doxycycline.com\/wp-json\/wp\/v2\/pages\/142"}],"collection":[{"href":"http:\/\/deutschland-doxycycline.com\/wp-json\/wp\/v2\/pages"}],"about":[{"href":"http:\/\/deutschland-doxycycline.com\/wp-json\/wp\/v2\/types\/page"}],"author":[{"embeddable":true,"href":"http:\/\/deutschland-doxycycline.com\/wp-json\/wp\/v2\/users\/1"}],"replies":[{"embeddable":true,"href":"http:\/\/deutschland-doxycycline.com\/wp-json\/wp\/v2\/comments?post=142"}],"version-history":[{"count":2,"href":"http:\/\/deutschland-doxycycline.com\/wp-json\/wp\/v2\/pages\/142\/revisions"}],"predecessor-version":[{"id":218,"href":"http:\/\/deutschland-doxycycline.com\/wp-json\/wp\/v2\/pages\/142\/revisions\/218"}],"wp:attachment":[{"href":"http:\/\/deutschland-doxycycline.com\/wp-json\/wp\/v2\/media?parent=142"}],"curies":[{"name":"wp","href":"https:\/\/api.w.org\/{rel}","templated":true}]}}